{"id":2,"date":"2017-02-07T15:01:58","date_gmt":"2017-02-07T15:01:58","guid":{"rendered":"http:\/\/themenectar.com\/demo\/salient-startup\/?page_id=2"},"modified":"2025-05-26T15:05:30","modified_gmt":"2025-05-26T15:05:30","slug":"historia","status":"publish","type":"page","link":"https:\/\/marian-delgado.com\/en\/historia\/","title":{"rendered":"Historia"},"content":{"rendered":"<div id=\"historia\"  data-column-margin=\"default\" data-midnight=\"dark\"  class=\"wpb_row vc_row-fluid vc_row full-width-content vc_row-o-equal-height vc_row-flex vc_row-o-content-middle\"  style=\"padding-top: 0px; padding-bottom: 0px; \"><div class=\"row-bg-wrap\" data-bg-animation=\"none\" data-bg-animation-delay=\"\" data-bg-overlay=\"false\"><div class=\"inner-wrap row-bg-layer\" ><div class=\"row-bg viewport-desktop using-bg-color\"  style=\"background-color: #fef6eb; \"><\/div><\/div><\/div><div class=\"row_col_wrap_12 col span_12 dark left\">\n\t<div style=\"\" class=\"vc_col-sm-6 wpb_column column_container vc_column_container col no-extra-padding inherit_tablet inherit_phone\" data-using-bg=\"true\" data-bg-cover=\"true\" data-padding-pos=\"all\" data-has-bg-color=\"false\" data-bg-color=\"\" data-bg-opacity=\"1\" data-animation=\"\" data-delay=\"0\" >\n\t\t<div class=\"vc_column-inner\" ><div class=\"column-image-bg-wrap column-bg-layer viewport-desktop\" data-bg-pos=\"center center\" data-bg-animation=\"none\" data-bg-overlay=\"false\"><div class=\"inner-wrap\"><div class=\"column-image-bg\" style=\" background-image: url('https:\/\/marian-delgado.com\/wp-content\/uploads\/2025\/05\/marian-delgado-estilista-en-malaga.jpeg'); \"><\/div><\/div><\/div>\n\t\t\t<div class=\"wpb_wrapper\">\n\t\t\t\t\n\t\t\t<\/div> \n\t\t<\/div>\n\t<\/div> \n\n\t<div  class=\"vc_col-sm-6 wpb_column column_container vc_column_container col padding-10-percent inherit_tablet inherit_phone\"  data-padding-pos=\"all\" data-has-bg-color=\"false\" data-bg-color=\"\" data-bg-opacity=\"1\" data-animation=\"\" data-delay=\"0\" >\n\t\t<div class=\"vc_column-inner\" >\n\t\t\t<div class=\"wpb_wrapper\">\n\t\t\t\t<div id=\"fws_6a06ee2118b0d\" data-midnight=\"\" data-column-margin=\"default\" class=\"wpb_row vc_row-fluid vc_row inner_row\"  style=\"\"><div class=\"row-bg-wrap\"> <div class=\"row-bg\" ><\/div> <\/div><div class=\"row_col_wrap_12_inner col span_12  left\">\n\t<div  class=\"vc_col-sm-12 wpb_column column_container vc_column_container col child_column has-animation no-extra-padding inherit_tablet inherit_phone\"   data-padding-pos=\"all\" data-has-bg-color=\"false\" data-bg-color=\"\" data-bg-opacity=\"1\" data-animation=\"fade-in-from-bottom\" data-delay=\"0\" >\n\t\t<div class=\"vc_column-inner\" >\n\t\t<div class=\"wpb_wrapper\">\n\t\t\t<h1 style=\"font-size: 25px;color: #798087;line-height: 1;text-align: left\" class=\"vc_custom_heading vc_do_custom_heading vc_custom_1748271738681\" >La historia de Marian Delgado Hair Styles<\/h1><h2 style=\"font-size: 38px;line-height: 45px;text-align: left\" class=\"vc_custom_heading vc_do_custom_heading\" >Una trayectoria marcada por la pasi\u00f3n y la excelencia<\/h2><p style=\"color: rgba(10,10,10,0.6);text-align: left\" class=\"vc_custom_heading vc_do_custom_heading\" >que nace del deseo profundo de compartir una visi\u00f3n de la belleza que va m\u00e1s all\u00e1 de las modas: una experiencia personal, cercana y aut\u00e9ntica.que nace del deseo profundo de compartir una visi\u00f3n de la belleza que va m\u00e1s all\u00e1 de las modas: una experiencia personal, cercana y aut\u00e9ntica.<\/p>\n\t\t<\/div> \n\t<\/div>\n\t<\/div> \n<\/div><\/div><a class=\"nectar-button large see-through-2\"  role=\"button\" style=\"margin-top: 15px; border-color: #f5a933; color: #f5a933;\"  href=\"https:\/\/marian-delgado.com\/en\/contactar\/\" data-color-override=\"#f5a933\" data-hover-color-override=\"false\" data-hover-text-color-override=\"#ffffff\"><span>Cont\u00e1ctanos<\/span><\/a>\n\t\t\t<\/div> \n\t\t<\/div>\n\t<\/div> \n<\/div><\/div>\n\t\t<div id=\"kitdigital-elkoko-malaga\"  data-column-margin=\"default\" data-midnight=\"light\" data-top-percent=\"3%\" data-bottom-percent=\"3%\"  class=\"wpb_row vc_row-fluid vc_row full-width-section vc_row-o-equal-height vc_row-flex vc_row-o-content-middle\"  style=\"padding-top: calc(100vw * 0.03); padding-bottom: calc(100vw * 0.03); \"><div class=\"row-bg-wrap\" data-bg-animation=\"none\" data-bg-animation-delay=\"\" data-bg-overlay=\"false\"><div class=\"inner-wrap row-bg-layer\" ><div class=\"row-bg viewport-desktop using-bg-color\"  style=\"background-color: #ffffff; \"><\/div><\/div><\/div><div class=\"row_col_wrap_12 col span_12 light left\">\n\t<div  class=\"vc_col-sm-12 wpb_column column_container vc_column_container col no-extra-padding inherit_tablet inherit_phone\"  data-padding-pos=\"all\" data-has-bg-color=\"false\" data-bg-color=\"\" data-bg-opacity=\"1\" data-animation=\"\" data-delay=\"0\" >\n\t\t<div class=\"vc_column-inner\" >\n\t\t\t<div class=\"wpb_wrapper\">\n\t\t\t\t<div id=\"fws_6a06ee2119a7f\" data-midnight=\"\" data-column-margin=\"default\" class=\"wpb_row vc_row-fluid vc_row inner_row\"  style=\"\"><div class=\"row-bg-wrap\"> <div class=\"row-bg\" ><\/div> <\/div><div class=\"row_col_wrap_12_inner col span_12  center\">\n\t<div  class=\"vc_col-sm-12 wpb_column column_container vc_column_container col child_column no-extra-padding inherit_tablet inherit_phone\"   data-padding-pos=\"all\" data-has-bg-color=\"false\" data-bg-color=\"\" data-bg-opacity=\"1\" data-animation=\"\" data-delay=\"0\" >\n\t\t<div class=\"vc_column-inner\" >\n\t\t<div class=\"wpb_wrapper\">\n\t\t\t<div class=\"img-with-aniamtion-wrap center custom-width-1400px bottom_position_desktop_0px\" data-max-width=\"custom\" data-max-width-mobile=\"default\" data-shadow=\"none\" data-animation=\"none\" >\n      <div class=\"inner\">\n        <div class=\"hover-wrap\"> \n          <div class=\"hover-wrap-inner\">\n            <img loading=\"lazy\" decoding=\"async\" class=\"img-with-animation skip-lazy\" data-delay=\"0\" height=\"174\" width=\"1600\" data-animation=\"none\" src=\"https:\/\/marian-delgado.com\/wp-content\/uploads\/2025\/05\/publicidad-kit-digital-malaga-elkoko-workshop.png.webp\" alt=\"\" srcset=\"https:\/\/marian-delgado.com\/wp-content\/uploads\/2025\/05\/publicidad-kit-digital-malaga-elkoko-workshop.png.webp 1600w, https:\/\/marian-delgado.com\/wp-content\/uploads\/2025\/05\/publicidad-kit-digital-malaga-elkoko-workshop.png-300x33.webp 300w, https:\/\/marian-delgado.com\/wp-content\/uploads\/2025\/05\/publicidad-kit-digital-malaga-elkoko-workshop.png-1024x111.webp 1024w, https:\/\/marian-delgado.com\/wp-content\/uploads\/2025\/05\/publicidad-kit-digital-malaga-elkoko-workshop.png-768x84.webp 768w, https:\/\/marian-delgado.com\/wp-content\/uploads\/2025\/05\/publicidad-kit-digital-malaga-elkoko-workshop.png-1536x167.webp 1536w\" sizes=\"auto, (max-width: 1600px) 100vw, 1600px\" \/>\n          <\/div>\n        <\/div>\n      <\/div>\n    <\/div>\n\t\t<\/div> \n\t<\/div>\n\t<\/div> \n<\/div><\/div>\n\t\t\t<\/div> \n\t\t<\/div>\n\t<\/div> \n<\/div><\/div>","protected":false},"excerpt":{"rendered":"La historia de Marian Delgado Hair StylesUna trayectoria marcada por la pasi\u00f3n y la excelenciaque...","protected":false},"author":1,"featured_media":0,"parent":0,"menu_order":0,"comment_status":"closed","ping_status":"closed","template":"","meta":{"footnotes":""},"class_list":["post-2","page","type-page","status-publish"],"aioseo_notices":[],"_links":{"self":[{"href":"https:\/\/marian-delgado.com\/en\/wp-json\/wp\/v2\/pages\/2","targetHints":{"allow":["GET"]}}],"collection":[{"href":"https:\/\/marian-delgado.com\/en\/wp-json\/wp\/v2\/pages"}],"about":[{"href":"https:\/\/marian-delgado.com\/en\/wp-json\/wp\/v2\/types\/page"}],"author":[{"embeddable":true,"href":"https:\/\/marian-delgado.com\/en\/wp-json\/wp\/v2\/users\/1"}],"replies":[{"embeddable":true,"href":"https:\/\/marian-delgado.com\/en\/wp-json\/wp\/v2\/comments?post=2"}],"version-history":[{"count":6,"href":"https:\/\/marian-delgado.com\/en\/wp-json\/wp\/v2\/pages\/2\/revisions"}],"predecessor-version":[{"id":6332,"href":"https:\/\/marian-delgado.com\/en\/wp-json\/wp\/v2\/pages\/2\/revisions\/6332"}],"wp:attachment":[{"href":"https:\/\/marian-delgado.com\/en\/wp-json\/wp\/v2\/media?parent=2"}],"curies":[{"name":"wp","href":"https:\/\/api.w.org\/{rel}","templated":true}]}}