{"id":3,"date":"2025-05-16T07:55:59","date_gmt":"2025-05-16T07:55:59","guid":{"rendered":"https:\/\/marian-delgado.com\/?page_id=3"},"modified":"2026-02-18T11:03:31","modified_gmt":"2026-02-18T11:03:31","slug":"politica-de-privacidad","status":"publish","type":"page","link":"https:\/\/marian-delgado.com\/en\/politica-de-privacidad\/","title":{"rendered":"Pol\u00edtica de Privacidad"},"content":{"rendered":"<div id=\"fws_6a06f013c1f19\"  data-column-margin=\"default\" data-midnight=\"dark\" data-top-percent=\"5%\"  class=\"wpb_row vc_row-fluid vc_row full-width-section\"  style=\"padding-top: calc(100vw * 0.05); padding-bottom: 0px; \"><div class=\"row-bg-wrap\" data-bg-animation=\"none\" data-bg-animation-delay=\"\" data-bg-overlay=\"false\"><div class=\"inner-wrap row-bg-layer\" ><div class=\"row-bg viewport-desktop using-bg-color\"  style=\"background-color: #f9f9f9; \"><\/div><\/div><\/div><div class=\"row_col_wrap_12 col span_12 dark left\">\n\t<div  class=\"vc_col-sm-12 wpb_column column_container vc_column_container col padding-1-percent inherit_tablet inherit_phone\"  data-padding-pos=\"all\" data-has-bg-color=\"false\" data-bg-color=\"\" data-bg-opacity=\"1\" data-animation=\"\" data-delay=\"0\" >\n\t\t<div class=\"vc_column-inner\" >\n\t\t\t<div class=\"wpb_wrapper\">\n\t\t\t\t\n\t\t\t<\/div> \n\t\t<\/div>\n\t<\/div> \n<\/div><\/div>\n\t\t<div id=\"fws_6a06f013c21d9\"  data-column-margin=\"default\" data-midnight=\"dark\" data-bottom-percent=\"4%\"  class=\"wpb_row vc_row-fluid vc_row full-width-section\"  style=\"padding-top: 0px; padding-bottom: calc(100vw * 0.04); \"><div class=\"row-bg-wrap\" data-bg-animation=\"none\" data-bg-animation-delay=\"\" data-bg-overlay=\"false\"><div class=\"inner-wrap row-bg-layer\" ><div class=\"row-bg viewport-desktop using-bg-color\"  style=\"background-color: #f9f9f9; \"><\/div><\/div><\/div><div class=\"row_col_wrap_12 col span_12 dark left\">\n\t<div  class=\"vc_col-sm-4 wpb_column column_container vc_column_container col padding-1-percent inherit_tablet inherit_phone\"  data-padding-pos=\"all\" data-has-bg-color=\"false\" data-bg-color=\"\" data-bg-opacity=\"1\" data-animation=\"\" data-delay=\"0\" >\n\t\t<div class=\"vc_column-inner\" >\n\t\t\t<div class=\"wpb_wrapper\">\n\t\t\t\t\n<div class=\"wpb_text_column wpb_content_element\" >\n\t<div class=\"wpb_wrapper\">\n\t\t<h1>Pol\u00edtica de Privacidad<\/h1>\n<h2><span style=\"color: #ff9900; font-size: 25px;\">MARIAN DELGADO HAIR STYLES<\/span><\/h2>\n<p>De conformidad con lo establecido en el REGLAMENTO (UE) 2016\/679 de protecci\u00f3n de datos de car\u00e1cter personal y la Ley Org\u00e1nica 3\/2018, de 5 de diciembre, de Protecci\u00f3n de Datos y garant\u00eda de los derechos digitales, le informamos que a trav\u00e9s de este sitio web no se recaban datos de car\u00e1cter personal de los usuarios sin su conocimiento, ni se ceden a terceros.<\/p>\n<p>La web de la que es titular <strong>Marian Delgado <\/strong>contiene enlaces a sitios webs de terceros, cuyas pol\u00edticas de privacidad son ajenas a las de <strong>Marian Delgado.<\/strong><\/p>\n<p>Al acceder a tales sitios web usted puede decidir si acepta sus pol\u00edticas de privacidad y de cookies. Con car\u00e1cter general, si navega por internet usted puede aceptar o rechazar las cookies de terceros desde las opciones de configuraci\u00f3n de su navegador.<\/p>\n<h2>Identificaci\u00f3n del responsable del tratamiento.<\/h2>\n<p>&nbsp;<\/p>\n<p><strong>Nombre de dominio:<\/strong> www.marian-delgado.com<br \/>\n<strong>Nombre comercial:<\/strong> MARIAN DELGADO<br \/>\n<strong>Denominaci\u00f3n social:<\/strong> MARIA \u00c1NGELES DELGADO CASTILLO<br \/>\n<strong>NIF:<\/strong> 44589005D<br \/>\n<strong>Domicilio social:<\/strong> Avenida Jane Bowles, 12, 29011 \u2013 M\u00e1laga<br \/>\n<strong>Tel\u00e9fono:<\/strong> 699 306 478<br \/>\n<strong>e-mail:<\/strong> marianestilista@gmail.com<\/p>\n\t<\/div>\n<\/div>\n\n\n\n<div class=\"divider-wrap\" data-alignment=\"default\"><div style=\"height: 25px;\" class=\"divider\"><\/div><\/div>\n<div class=\"wpb_text_column wpb_content_element\" >\n\t<div class=\"wpb_wrapper\">\n\t\t<h3>PROCEDENCIA Y CATEGOR\u00cdAS DE LOS DATOS QUE TRATAMOS<\/h3>\n<p><strong>Procedencia:<\/strong> Los datos que tratamos proceden directamente del propio interesado y los obtenemos a trav\u00e9s de e-mail, tel\u00e9fono y formularios Web Las categor\u00edas de datos que tratamos son:<\/p>\n<p><strong>Datos identificativos en formularios:<\/strong> Nombre, apellidos, tel\u00e9fono, e-mail.<\/p>\n<p><strong> Im\u00e1genes:<\/strong> fotograf\u00edas publicadas en nuestra web, con el consentimiento de clientes.<\/p>\n\t<\/div>\n<\/div>\n\n\n\n<div class=\"divider-wrap\" data-alignment=\"default\"><div style=\"height: 25px;\" class=\"divider\"><\/div><\/div>\n<div class=\"wpb_text_column wpb_content_element\" >\n\t<div class=\"wpb_wrapper\">\n\t\t<h3>FINALIDAD Y LEGITIMACI\u00d3N DEL TRATAMIENTO DE SUS DATOS PERSONALES<\/h3>\n<h4><strong>FORMULARIO DE CONTACTO<\/strong><\/h4>\n<p>Contactar con los usuarios a trav\u00e9s de e-mail o tel\u00e9fono para responder a sus consultas, dudas, sugerencias y otras peticiones que nos realicen, y responder a su solicitud de informaci\u00f3n sobre nuestros servicios.<\/p>\n\t<\/div>\n<\/div>\n\n\n\n\n\t\t\t<\/div> \n\t\t<\/div>\n\t<\/div> \n\n\t<div  class=\"vc_col-sm-4 wpb_column column_container vc_column_container col padding-1-percent inherit_tablet inherit_phone\"  data-padding-pos=\"all\" data-has-bg-color=\"false\" data-bg-color=\"\" data-bg-opacity=\"1\" data-animation=\"\" data-delay=\"0\" >\n\t\t<div class=\"vc_column-inner\" >\n\t\t\t<div class=\"wpb_wrapper\">\n\t\t\t\t\n<div class=\"wpb_text_column wpb_content_element\" >\n\t<div class=\"wpb_wrapper\">\n\t\t<h4><strong>FOTOGRAF\u00cdAS Y VIDEOS EN LA WEB<\/strong><\/h4>\n<p>El tratamiento de im\u00e1genes para publicarlas en nuestra p\u00e1gina Web y en nuestros perfiles en Redes Sociales con fines publicitarios.<\/p>\n\t<\/div>\n<\/div>\n\n\n\n<div class=\"divider-wrap\" data-alignment=\"default\"><div style=\"height: 25px;\" class=\"divider\"><\/div><\/div>\n<div class=\"wpb_text_column wpb_content_element\" >\n\t<div class=\"wpb_wrapper\">\n\t\t<h3>CONSERVACI\u00d3N DE SUS DATOS PERSONALES<\/h3>\n<p>Sus datos ser\u00e1n conservados durante los plazos legalmente establecidos en funci\u00f3n de los fines para los que fueron obtenidos, seg\u00fan detallamos a continuaci\u00f3n:<\/p>\n<p><u>Adopci\u00f3n de medidas precontractuales:<\/u>\u00a0Cuando el tratamiento de sus datos est\u00e9 basado en la aplicaci\u00f3n de medidas precontractuales para atender su petici\u00f3n de informaci\u00f3n y\/o presupuesto, sus datos ser\u00e1n conservados por un per\u00edodo m\u00e1ximo de un a\u00f1o desde que fueron obtenidos. Transcurrido este plazo, sus datos ser\u00e1n totalmente eliminados de nuestros sistemas de informaci\u00f3n.<\/p>\n<p><u>Su consentimiento prestado:<\/u>\u00a0Cuando le solicitemos su consentimiento para el tratamiento de sus datos personales, conservaremos sus datos durante el tiempo estrictamente necesario para cumplir con los fines para los que obtuvimos su consentimiento, hasta que dejen de ser necesarios para dichos fines o, en su defecto, hasta que usted decida retirar su consentimiento prestado.<\/p>\n\t<\/div>\n<\/div>\n\n\n\n<div class=\"divider-wrap\" data-alignment=\"default\"><div style=\"height: 25px;\" class=\"divider\"><\/div><\/div>\n<div class=\"wpb_text_column wpb_content_element\" >\n\t<div class=\"wpb_wrapper\">\n\t\t<div class=\"wpb_text_column wpb_content_element\">\n<div class=\"wpb_wrapper\">\n<h3>COMUNICACI\u00d3N DE SUS DATOS A TERCEROS<\/h3>\n<p>No comunicamos sus datos personales a terceros, salvo obligaci\u00f3n legal aplicable a nuestra entidad.<\/p>\n<\/div>\n<\/div>\n\t<\/div>\n<\/div>\n\n\n\n<div class=\"divider-wrap\" data-alignment=\"default\"><div style=\"height: 25px;\" class=\"divider\"><\/div><\/div>\n<div class=\"wpb_text_column wpb_content_element\" >\n\t<div class=\"wpb_wrapper\">\n\t\t<div class=\"wpb_text_column wpb_content_element\">\n<div class=\"wpb_wrapper\">\n<h3>TRANSFERENCIAS INTERNACIONALES DE DATOS<\/h3>\n<p>No realizamos transferencias de sus datos personales a pa\u00edses que no pertenecen al Espacio Econ\u00f3mico Europeo (UE, Islandia, Liechtenstein y Noruega), no tampoco a organizaciones internacionales.<\/p>\n<\/div>\n<\/div>\n\t<\/div>\n<\/div>\n\n\n\n\n\t\t\t<\/div> \n\t\t<\/div>\n\t<\/div> \n\n\t<div  class=\"vc_col-sm-4 wpb_column column_container vc_column_container col padding-1-percent inherit_tablet inherit_phone\"  data-padding-pos=\"all\" data-has-bg-color=\"false\" data-bg-color=\"\" data-bg-opacity=\"1\" data-animation=\"\" data-delay=\"0\" >\n\t\t<div class=\"vc_column-inner\" >\n\t\t\t<div class=\"wpb_wrapper\">\n\t\t\t\t\n<div class=\"wpb_text_column wpb_content_element\" >\n\t<div class=\"wpb_wrapper\">\n\t\t<div class=\"wpb_text_column wpb_content_element\">\n<div class=\"wpb_wrapper\">\n<h3>SUS DERECHOS EN PROTECCI\u00d3N DE DATOS<\/h3>\n<ul>\n<li>Derecho a solicitar el acceso a sus datos personales.<\/li>\n<li>Derecho a solicitar su rectificaci\u00f3n o supresi\u00f3n.<\/li>\n<li>Derecho a solicitar la limitaci\u00f3n de su tratamiento.<\/li>\n<li>Derecho a oponerse al tratamiento.<\/li>\n<li>Derecho a la portabilidad de los datos.<\/li>\n<li>Derecho a retirar el consentimiento prestado.<\/li>\n<\/ul>\n<\/div>\n<\/div>\n\t<\/div>\n<\/div>\n\n\n\n<div class=\"divider-wrap\" data-alignment=\"default\"><div style=\"height: 25px;\" class=\"divider\"><\/div><\/div>\n<div class=\"wpb_text_column wpb_content_element\" >\n\t<div class=\"wpb_wrapper\">\n\t\t<div class=\"wpb_text_column wpb_content_element\">\n<div class=\"wpb_wrapper\">\n<p>Cualquier persona tiene derecho a obtener confirmaci\u00f3n sobre si en <strong>Marian Delgado <\/strong>estamos tratando datos personales que le conciernan o no. Usted tiene derecho a acceder a sus datos personales, as\u00ed como a solicitar la rectificaci\u00f3n de los datos inexactos o, en su caso, solicitar su supresi\u00f3n cuando, entre otros motivos, los datos ya no sean necesarios para los fines que fueron recogidos.<\/p>\n<p>En determinadas circunstancias, usted podr\u00e1 solicitar la limitaci\u00f3n del tratamiento de sus datos, en cuyo caso \u00fanicamente los conservaremos para el ejercicio o la defensa de reclamaciones. Asimismo, en los supuestos legalmente establecidos, tendr\u00e1 derecho a la portabilidad de sus datos personales.<\/p>\n<p>En determinadas circunstancias y por motivos relacionados con su situaci\u00f3n particular, usted podr\u00e1 oponerse al tratamiento de sus datos. En este caso, <strong>Marian Delgado<\/strong><strong>\u00a0<\/strong>dejar\u00e1 de tratar sus datos, salvo que existan motivos leg\u00edtimos imperiosos o para la formulaci\u00f3n, el ejercicio y la defensa de posibles reclamaciones.<\/p>\n<p>Tiene derecho a retirar el consentimiento prestado en cualquier momento, sin que ello afecte a la licitud del tratamiento basado en el consentimiento previo a su retirada.<\/p>\n<p>Puede oponerse al tratamiento de sus datos con fines comerciales y publicitarios enviando un e-mail a\u00a0<a href=\"mailto:marianestilista@gmail.com\">marianestilista@gmail.com<\/a><\/p>\n<p>Podr\u00e1 ejercitar materialmente sus derechos enviando una carta por v\u00eda postal o un correo electr\u00f3nico a nuestro DPD marianestilista@gmail.com<\/p>\n<p>En caso de que sienta vulnerados sus derechos en lo concerniente a la protecci\u00f3n de sus datos personales, especialmente cuando no haya obtenido satisfacci\u00f3n en el ejercicio de sus derechos, puede presentar una reclamaci\u00f3n ante la Agencia Espa\u00f1ola de Protecci\u00f3n de Datos a trav\u00e9s de su sitio web: <a href=\"https:\/\/marian-delgado.com\/en\/\">marian-delgado.com<\/a><\/p>\n<\/div>\n<\/div>\n\t<\/div>\n<\/div>\n\n\n\n\n\t\t\t<\/div> \n\t\t<\/div>\n\t<\/div> \n<\/div><\/div>","protected":false},"excerpt":{"rendered":"Pol\u00edtica de Privacidad MARIAN DELGADO HAIR STYLES De conformidad con lo establecido en el REGLAMENTO...","protected":false},"author":1,"featured_media":0,"parent":0,"menu_order":0,"comment_status":"closed","ping_status":"open","template":"","meta":{"footnotes":""},"class_list":["post-3","page","type-page","status-publish"],"aioseo_notices":[],"_links":{"self":[{"href":"https:\/\/marian-delgado.com\/en\/wp-json\/wp\/v2\/pages\/3","targetHints":{"allow":["GET"]}}],"collection":[{"href":"https:\/\/marian-delgado.com\/en\/wp-json\/wp\/v2\/pages"}],"about":[{"href":"https:\/\/marian-delgado.com\/en\/wp-json\/wp\/v2\/types\/page"}],"author":[{"embeddable":true,"href":"https:\/\/marian-delgado.com\/en\/wp-json\/wp\/v2\/users\/1"}],"replies":[{"embeddable":true,"href":"https:\/\/marian-delgado.com\/en\/wp-json\/wp\/v2\/comments?post=3"}],"version-history":[{"count":12,"href":"https:\/\/marian-delgado.com\/en\/wp-json\/wp\/v2\/pages\/3\/revisions"}],"predecessor-version":[{"id":6314,"href":"https:\/\/marian-delgado.com\/en\/wp-json\/wp\/v2\/pages\/3\/revisions\/6314"}],"wp:attachment":[{"href":"https:\/\/marian-delgado.com\/en\/wp-json\/wp\/v2\/media?parent=3"}],"curies":[{"name":"wp","href":"https:\/\/api.w.org\/{rel}","templated":true}]}}